{"id":227,"date":"2024-01-12T11:21:18","date_gmt":"2024-01-12T10:21:18","guid":{"rendered":"https:\/\/www.gecgin.de\/?page_id=227"},"modified":"2024-01-12T11:32:22","modified_gmt":"2024-01-12T10:32:22","slug":"pricing","status":"publish","type":"page","link":"https:\/\/www.gecgin.de\/?page_id=227","title":{"rendered":"LKW Waschstra\u00dfe Neu-Ulm"},"content":{"rendered":"<h2>Wir akzeptieren:<\/h2>\r\n<p><img loading=\"lazy\" decoding=\"async\" class=\"alignnone size-full wp-image-190\" src=\"http:\/\/www.gecgin.de\/wp-content\/uploads\/2019\/05\/EC.png\" alt=\"\" width=\"79\" height=\"50\" \/> <img loading=\"lazy\" decoding=\"async\" class=\"alignnone size-full wp-image-191\" src=\"http:\/\/www.gecgin.de\/wp-content\/uploads\/2019\/05\/Maestro.png\" alt=\"\" width=\"84\" height=\"50\" \/> <img loading=\"lazy\" decoding=\"async\" class=\"alignnone size-full wp-image-194\" src=\"http:\/\/www.gecgin.de\/wp-content\/uploads\/2019\/05\/VISA.png\" alt=\"\" width=\"142\" height=\"50\" \/> <img loading=\"lazy\" decoding=\"async\" class=\"alignnone size-full wp-image-192\" src=\"http:\/\/www.gecgin.de\/wp-content\/uploads\/2019\/05\/Mastercard.png\" alt=\"\" width=\"64\" height=\"50\" \/> <img loading=\"lazy\" decoding=\"async\" class=\"alignnone size-full wp-image-193\" src=\"http:\/\/www.gecgin.de\/wp-content\/uploads\/2019\/05\/UTA.png\" alt=\"\" width=\"59\" height=\"50\" \/> <img loading=\"lazy\" decoding=\"async\" class=\"alignnone size-full wp-image-189\" src=\"http:\/\/www.gecgin.de\/wp-content\/uploads\/2019\/05\/DKV.png\" alt=\"\" width=\"67\" height=\"50\" \/><\/p>\r\n<p><span style=\"color: #999999;\">*Netto<\/span><\/p>\r\n<style> \/* simple flat #104 *\/#ptp-104{border-color:#ddd;padding:0;margin-left:0;margin-right:0}#ptp-104 div.ptp-item-container{border-radius:5px}#ptp-104 div.ptp-item-container div{margin:0}#ptp-104 .ptp-highlight div.ptp-item-container{border-color:#ddd}#ptp-104 div.ptp-plan{border-top-right-radius:5px;border-top-left-radius:5px;font-size:.8em;border-color:#ddd;background-color:#ddd;color:#333;padding:.9375em 1.25em}#ptp-104 div.ptp-plan .has-tip{border-bottom:dotted 1px #333;color:#333}#ptp-104 .ptp-highlight div.ptp-plan{border-color:#ddd;background-color:#ddd;color:#333}#ptp-104 .ptp-highlight div.ptp-plan .has-tip{border-bottom:dotted 1px #333;color:#333}#ptp-104 div.ptp-price{font-size:1.25em;background-color:#eee;color:#333;padding:.9375em 1.25em}#ptp-104 div.ptp-price .has-tip{border-bottom:dotted 1px #333;color:#333}#ptp-104 .ptp-highlight div.ptp-price{background-color:#eee;color:#333}#ptp-104 .ptp-highlight div.ptp-price .has-tip{border-bottom:dotted 1px #333;color:#333}#ptp-104 div.ptp-cta{border-bottom-right-radius:5px;border-bottom-left-radius:5px;background-color:#eee;padding-top:1.25em;padding-bottom:1.25em}#ptp-104 .ptp-highlight div.ptp-cta{background-color:#eee}#ptp-104 a.ptp-button{border-radius:5px;font-size:1em;color:#fff;background-color:#3498db;border-bottom:#2980b9 4px solid;margin:0}#ptp-104 a.ptp-button .has-tip,#ptp-104 a.ptp-button:hover .has-tip{border-bottom:dotted 1px #fff;color:#fff}#ptp-104 a.ptp-button:hover{background-color:#2980b9}#ptp-104 div.ptp-bullet-item{color:#333;background-color:#fff;font-size:.7em;border-color:#ddd;padding:.9375em .5em .9375em .5em}#ptp-104 .ptp-highlight .ptp-bullet-item{color:#333;border-color:#ddd;background-color:#fff}#ptp-104 .ptp-highlight a.ptp-button{color:#fff;background-color:#e74c3c;border-bottom:#c0392b 4px solid}#ptp-104 .ptp-highlight a.ptp-button:hover{background-color:#c0392b}#ptp-104 .ptp-highlight a.ptp-button .has-tip{border-bottom:dotted 1px #fff;color:#fff}#ptp-104 div.ptp-most-popular{border-radius:5px;font-size:.5em;background-color:#7f8c8d;color:#fff;border:1px solid #7f8c8d}#ptp-104 .ptp-col{padding-left:0;padding-right:0;margin-left:0}#ptp-104 div.ptp-most-popular{margin-bottom:0}#ptp-104 div.ptp-not-most-popular{margin-bottom:2px}#ptp-104.ptp-pricing-table{margin-top:30px}#ptp-104 div.ptp-item-container{margin:0}#ptp-104.ptp-pricing-table .ptp-col{-moz-transition:all 0.2s linear;-ms-transition:all 0.2s linear;-o-transition:all 0.2s linear;-webkit-transition:all 0.2s linear;transition:all 0.2s linear;margin-bottom:30px}#ptp-104.ptp-pricing-table .ptp-col:hover{margin-top:-20px!important;margin-bottom:10px}#ptp-104.ptp-pricing-table .ptp-col .ptp-cta{-moz-transition:all 0.2s linear;-ms-transition:all 0.2s linear;-o-transition:all 0.2s linear;-webkit-transition:all 0.2s linear;transition:all 0.2s linear}#ptp-104.ptp-pricing-table .ptp-col:hover .ptp-cta{padding-top:40px !important;padding-bottom:40px !important}\/* end of simple flat #104 *\/<\/style>        <script type=\"text\/javascript\">\n         jQuery(document).ready(function($) {\n            jQuery.call_match_height_104 = function call_match_height_design1(ptp_id) {\n                                $( ptp_id+' .ptp-plan' ).matchHeight(false); \n                                $( ptp_id+' .ptp-cta' ).matchHeight(false); \n                                $( ptp_id+' .ptp-price' ).matchHeight(false);\n                                $( ptp_id+' .ptp-button' ).matchHeight(false);\n\n                                $( ptp_id+' .ptp-bullet-item' ).each(function( index ){\n                                    $( ptp_id+' .ptp-row-id-'+index ).matchHeight(false);\n             \n                                });  \n                         }\n            var ptp_id = '#ptp-'+104 ;\n            $.call_match_height_104 ( ptp_id );              \n         });\n      <\/script>\n      \n        <div id=\"ptp-104\" class=\"ptp-pricing-table\" ><div class=\"ptp-col ptp-eight-col  ptp-col-id-0 dh-ptp-col-id-0\"><div class=\"ptp-not-most-popular\">&nbsp;<\/div><div class=\"ptp-item-container\"><div class=\"ptp-plan\">Transporter W\u00e4sche Spezial<\/div><div class=\"ptp-price\">27,52 \u20ac*<\/div><div class=\"ptp-bullet-item ptp-row-id-0\">- Manuelle Frontreinigung\r<\/div><div class=\"ptp-bullet-item ptp-row-id-1\">- Machinenw\u00e4sche\r<\/div><div class=\"ptp-bullet-item ptp-row-id-2\">- Chemische Vorw\u00e4sche\r<\/div><div class=\"ptp-bullet-item ptp-row-id-3\">- Hochdruck komplett\r<\/div><div class=\"ptp-bullet-item ptp-row-id-4\">- Unterbodenw\u00e4sche<\/div><div class=\"ptp-cta\"><a class=\"ptp-button ptp-checkout-button\" id=\"ptp-104-cta-0\"  href=\"http:\/\/www.gecgin.de\/?page_id=14\" >27,52 \u20ac*<\/a><\/div><\/div><\/div><div class=\"ptp-col ptp-eight-col  ptp-col-id-1 dh-ptp-col-id-1\"><div class=\"ptp-not-most-popular\">&nbsp;<\/div><div class=\"ptp-item-container\"><div class=\"ptp-plan\">6-18 to. mit Anh\u00e4nger Waschen Spezial<\/div><div class=\"ptp-price\">60,03 \u20ac*<\/div><div class=\"ptp-bullet-item ptp-row-id-0\">- Manuelle Frontreinigung\r<\/div><div class=\"ptp-bullet-item ptp-row-id-1\">- Machinenw\u00e4sche\r<\/div><div class=\"ptp-bullet-item ptp-row-id-2\">- Chemische Vorw\u00e4sche\r<\/div><div class=\"ptp-bullet-item ptp-row-id-3\">- Hochdruck komplett\r<\/div><div class=\"ptp-bullet-item ptp-row-id-4\">- Unterbodenw\u00e4sche<\/div><div class=\"ptp-cta\"><a class=\"ptp-button ptp-checkout-button\" id=\"ptp-104-cta-1\"  href=\"http:\/\/www.gecgin.de\/?page_id=14\" >60,03 \u20ac*<\/a><\/div><\/div><\/div><div class=\"ptp-col ptp-eight-col  ptp-col-id-2 dh-ptp-col-id-2\"><div class=\"ptp-not-most-popular\">&nbsp;<\/div><div class=\"ptp-item-container\"><div class=\"ptp-plan\">Reisebus Waschen Spezial<\/div><div class=\"ptp-price\">52,53 \u20ac*<\/div><div class=\"ptp-bullet-item ptp-row-id-0\">- Manuelle Frontreinigung\r<\/div><div class=\"ptp-bullet-item ptp-row-id-1\">- Machinenw\u00e4sche\r<\/div><div class=\"ptp-bullet-item ptp-row-id-2\">- Chemische Vorw\u00e4sche\r<\/div><div class=\"ptp-bullet-item ptp-row-id-3\">- Hochdruck komplett\r<\/div><div class=\"ptp-bullet-item ptp-row-id-4\">- Unterbodenw\u00e4sche<\/div><div class=\"ptp-cta\"><a class=\"ptp-button ptp-checkout-button\" id=\"ptp-104-cta-2\"  href=\"http:\/\/www.gecgin.de\/?page_id=14\" >52,53 \u20ac*<\/a><\/div><\/div><\/div><div class=\"ptp-col ptp-eight-col  ptp-col-id-3 dh-ptp-col-id-3\"><div class=\"ptp-not-most-popular\">&nbsp;<\/div><div class=\"ptp-item-container\"><div class=\"ptp-plan\">6-10 to. Solo Waschen Spezial<\/div><div class=\"ptp-price\">35,01 \u20ac*<\/div><div class=\"ptp-bullet-item ptp-row-id-0\">- Manuelle Frontreinigung\r<\/div><div class=\"ptp-bullet-item ptp-row-id-1\">- Machinenw\u00e4sche\r<\/div><div class=\"ptp-bullet-item ptp-row-id-2\">- Chemische Vorw\u00e4sche\r<\/div><div class=\"ptp-bullet-item ptp-row-id-3\">- Hochdruck komplett\r<\/div><div class=\"ptp-bullet-item ptp-row-id-4\">- Unterbodenw\u00e4sche<\/div><div class=\"ptp-cta\"><a class=\"ptp-button ptp-checkout-button\" id=\"ptp-104-cta-3\"  href=\"http:\/\/www.gecgin.de\/?page_id=14\" >35,01 \u20ac*<\/a><\/div><\/div><\/div><div class=\"ptp-col ptp-eight-col  ptp-col-id-4 dh-ptp-col-id-4\"><div class=\"ptp-not-most-popular\">&nbsp;<\/div><div class=\"ptp-item-container\"><div class=\"ptp-plan\">10-18 to. Solo Waschen Spezial<\/div><div class=\"ptp-price\">42,52 \u20ac*<\/div><div class=\"ptp-bullet-item ptp-row-id-0\">- Manuelle Frontreinigung\r<\/div><div class=\"ptp-bullet-item ptp-row-id-1\">- Machinenw\u00e4sche\r<\/div><div class=\"ptp-bullet-item ptp-row-id-2\">- Chemische Vorw\u00e4sche\r<\/div><div class=\"ptp-bullet-item ptp-row-id-3\">- Hochdruck komplett\r<\/div><div class=\"ptp-bullet-item ptp-row-id-4\">- Unterbodenw\u00e4sche<\/div><div class=\"ptp-cta\"><a class=\"ptp-button ptp-checkout-button\" id=\"ptp-104-cta-4\"  href=\"http:\/\/www.gecgin.de\/?page_id=14\" >42,52 \u20ac*<\/a><\/div><\/div><\/div><div class=\"ptp-col ptp-eight-col  ptp-col-id-5 dh-ptp-col-id-5\"><div class=\"ptp-not-most-popular\">&nbsp;<\/div><div class=\"ptp-item-container\"><div class=\"ptp-plan\">LKW mit Anh\u00e4nger oder SZM Waschen Spezial<\/div><div class=\"ptp-price\">65,03 \u20ac*<\/div><div class=\"ptp-bullet-item ptp-row-id-0\">- Manuelle Frontreinigung\r<\/div><div class=\"ptp-bullet-item ptp-row-id-1\">- Machinenw\u00e4sche\r<\/div><div class=\"ptp-bullet-item ptp-row-id-2\">- Chemische Vorw\u00e4sche\r<\/div><div class=\"ptp-bullet-item ptp-row-id-3\">- Hochdruck komplett\r<\/div><div class=\"ptp-bullet-item ptp-row-id-4\">- Unterbodenw\u00e4sche<\/div><div class=\"ptp-cta\"><a class=\"ptp-button ptp-checkout-button\" id=\"ptp-104-cta-5\"  href=\"http:\/\/www.gecgin.de\/?page_id=14\" >65,03 \u20ac*<\/a><\/div><\/div><\/div><div class=\"ptp-col ptp-eight-col  ptp-col-id-6 dh-ptp-col-id-6\"><div class=\"ptp-not-most-popular\">&nbsp;<\/div><div class=\"ptp-item-container\"><div class=\"ptp-plan\">Wohnmobil Au\u00dfenw\u00e4sche incl. Unterboden- w\u00e4sche<\/div><div class=\"ptp-price\">37,51 \u20ac*<\/div><div class=\"ptp-bullet-item ptp-row-id-0\">- Manuelle Frontreinigung\r<\/div><div class=\"ptp-bullet-item ptp-row-id-1\">- Machinenw\u00e4sche\r<\/div><div class=\"ptp-bullet-item ptp-row-id-2\">- Chemische Vorw\u00e4sche\r<\/div><div class=\"ptp-bullet-item ptp-row-id-3\">- Hochdruck komplett\r<\/div><div class=\"ptp-bullet-item ptp-row-id-4\">- Unterbodenw\u00e4sche<\/div><div class=\"ptp-cta\"><a class=\"ptp-button ptp-checkout-button\" id=\"ptp-104-cta-6\"  href=\"http:\/\/www.gecgin.de\/?page_id=14\" >37,51 \u20ac*<\/a><\/div><\/div><\/div><div class=\"ptp-col ptp-eight-col  ptp-col-id-7 dh-ptp-col-id-7\"><div class=\"ptp-not-most-popular\">&nbsp;<\/div><div class=\"ptp-item-container\"><div class=\"ptp-plan\">Kipper Au\u00dfenw\u00e4sche<\/div><div class=\"ptp-price\">100,04 \u20ac*<\/div><div class=\"ptp-bullet-item ptp-row-id-0\">- Manuelle Frontreinigung\r<\/div><div class=\"ptp-bullet-item ptp-row-id-1\">- Machinenw\u00e4sche\r<\/div><div class=\"ptp-bullet-item ptp-row-id-2\">- Chemische Vorw\u00e4sche\r<\/div><div class=\"ptp-bullet-item ptp-row-id-3\">- Hochdruck komplett\r<\/div><div class=\"ptp-bullet-item ptp-row-id-4\">- Unterbodenw\u00e4sche<\/div><div class=\"ptp-cta\"><a class=\"ptp-button ptp-checkout-button\" id=\"ptp-104-cta-7\"  href=\"http:\/\/www.gecgin.de\/?page_id=14\" >100,04 \u20ac*<\/a><\/div><\/div><\/div><\/div>\r\n<p>&nbsp;<\/p>\r\n","protected":false},"excerpt":{"rendered":"<p>Wir akzeptieren: *Netto &nbsp;<\/p>\n","protected":false},"author":1,"featured_media":0,"parent":0,"menu_order":0,"comment_status":"closed","ping_status":"closed","template":"","meta":{"_exactmetrics_skip_tracking":false,"_exactmetrics_sitenote_active":false,"_exactmetrics_sitenote_note":"","_exactmetrics_sitenote_category":0,"footnotes":""},"class_list":["post-227","page","type-page","status-publish","czr-hentry"],"_links":{"self":[{"href":"https:\/\/www.gecgin.de\/index.php?rest_route=\/wp\/v2\/pages\/227","targetHints":{"allow":["GET"]}}],"collection":[{"href":"https:\/\/www.gecgin.de\/index.php?rest_route=\/wp\/v2\/pages"}],"about":[{"href":"https:\/\/www.gecgin.de\/index.php?rest_route=\/wp\/v2\/types\/page"}],"author":[{"embeddable":true,"href":"https:\/\/www.gecgin.de\/index.php?rest_route=\/wp\/v2\/users\/1"}],"replies":[{"embeddable":true,"href":"https:\/\/www.gecgin.de\/index.php?rest_route=%2Fwp%2Fv2%2Fcomments&post=227"}],"version-history":[{"count":2,"href":"https:\/\/www.gecgin.de\/index.php?rest_route=\/wp\/v2\/pages\/227\/revisions"}],"predecessor-version":[{"id":234,"href":"https:\/\/www.gecgin.de\/index.php?rest_route=\/wp\/v2\/pages\/227\/revisions\/234"}],"wp:attachment":[{"href":"https:\/\/www.gecgin.de\/index.php?rest_route=%2Fwp%2Fv2%2Fmedia&parent=227"}],"curies":[{"name":"wp","href":"https:\/\/api.w.org\/{rel}","templated":true}]}}