{"id":168,"date":"2019-05-24T11:31:33","date_gmt":"2019-05-24T09:31:33","guid":{"rendered":"http:\/\/www.gecgin.de\/?page_id=168"},"modified":"2019-05-24T12:23:42","modified_gmt":"2019-05-24T10:23:42","slug":"lkw-waschstrasse-ulm-2","status":"publish","type":"page","link":"https:\/\/www.gecgin.de\/?page_id=168","title":{"rendered":"LKW Waschstra\u00dfe Ulm"},"content":{"rendered":"<h2><strong>LKW Au\u00dfenreinigung<\/strong><\/h2>\n<p>&nbsp;<\/p>\n<p>-Au\u00dfenw\u00e4sche mit K\u00e4rcher- Portalwaschanlage<\/p>\n<p>-Hochdruckreiniger \/ Pistole<\/p>\n<p>-Reinigungsmittel<\/p>\n<p>-Glanz und Trocknungsmittel<\/p>\n<p>&nbsp;<\/p>\n<h3><strong>Wir akzeptieren:<\/strong><\/h3>\n<p><center><img loading=\"lazy\" decoding=\"async\" class=\"alignnone size-full wp-image-190 alignleft\" src=\"http:\/\/www.gecgin.de\/wp-content\/uploads\/2019\/05\/EC.png\" alt=\"\" width=\"79\" height=\"50\" \/>\u00a0 <img loading=\"lazy\" decoding=\"async\" class=\"alignnone size-full wp-image-191 alignleft\" src=\"http:\/\/www.gecgin.de\/wp-content\/uploads\/2019\/05\/Maestro.png\" alt=\"\" width=\"84\" height=\"50\" \/><img loading=\"lazy\" decoding=\"async\" class=\"alignnone size-full wp-image-194 alignleft\" src=\"http:\/\/www.gecgin.de\/wp-content\/uploads\/2019\/05\/VISA.png\" alt=\"\" width=\"142\" height=\"50\" \/>\u00a0 <img loading=\"lazy\" decoding=\"async\" class=\"alignnone size-full wp-image-192 alignleft\" src=\"http:\/\/www.gecgin.de\/wp-content\/uploads\/2019\/05\/Mastercard.png\" alt=\"\" width=\"64\" height=\"50\" \/>\u00a0 <img loading=\"lazy\" decoding=\"async\" class=\"alignnone size-full wp-image-193 alignleft\" src=\"http:\/\/www.gecgin.de\/wp-content\/uploads\/2019\/05\/UTA.png\" alt=\"\" width=\"59\" height=\"50\" \/>\u00a0\u00a0\u00a0 <img loading=\"lazy\" decoding=\"async\" class=\"alignnone size-full wp-image-189 alignleft\" src=\"http:\/\/www.gecgin.de\/wp-content\/uploads\/2019\/05\/DKV.png\" alt=\"\" width=\"67\" height=\"50\" \/><\/center><\/p>\n","protected":false},"excerpt":{"rendered":"<p>LKW Au\u00dfenreinigung &nbsp; -Au\u00dfenw\u00e4sche mit K\u00e4rcher- Portalwaschanlage -Hochdruckreiniger \/ Pistole -Reinigungsmittel -Glanz und Trocknungsmittel &nbsp; Wir akzeptieren: \u00a0 \u00a0 \u00a0 \u00a0\u00a0\u00a0<\/p>\n","protected":false},"author":1,"featured_media":0,"parent":0,"menu_order":0,"comment_status":"closed","ping_status":"closed","template":"","meta":{"_exactmetrics_skip_tracking":false,"_exactmetrics_sitenote_active":false,"_exactmetrics_sitenote_note":"","_exactmetrics_sitenote_category":0,"footnotes":""},"class_list":["post-168","page","type-page","status-publish","czr-hentry"],"_links":{"self":[{"href":"https:\/\/www.gecgin.de\/index.php?rest_route=\/wp\/v2\/pages\/168","targetHints":{"allow":["GET"]}}],"collection":[{"href":"https:\/\/www.gecgin.de\/index.php?rest_route=\/wp\/v2\/pages"}],"about":[{"href":"https:\/\/www.gecgin.de\/index.php?rest_route=\/wp\/v2\/types\/page"}],"author":[{"embeddable":true,"href":"https:\/\/www.gecgin.de\/index.php?rest_route=\/wp\/v2\/users\/1"}],"replies":[{"embeddable":true,"href":"https:\/\/www.gecgin.de\/index.php?rest_route=%2Fwp%2Fv2%2Fcomments&post=168"}],"version-history":[{"count":5,"href":"https:\/\/www.gecgin.de\/index.php?rest_route=\/wp\/v2\/pages\/168\/revisions"}],"predecessor-version":[{"id":204,"href":"https:\/\/www.gecgin.de\/index.php?rest_route=\/wp\/v2\/pages\/168\/revisions\/204"}],"wp:attachment":[{"href":"https:\/\/www.gecgin.de\/index.php?rest_route=%2Fwp%2Fv2%2Fmedia&parent=168"}],"curies":[{"name":"wp","href":"https:\/\/api.w.org\/{rel}","templated":true}]}}